{"id":70203,"date":"2026-04-14T15:49:29","date_gmt":"2026-04-14T13:49:29","guid":{"rendered":"https:\/\/safariavventura.com\/viaggi-in-tanzania\/itineraire-de-lelephant\/"},"modified":"2026-04-23T17:21:14","modified_gmt":"2026-04-23T15:21:14","slug":"itineraire-de-lelephant","status":"publish","type":"page","link":"https:\/\/safariavventura.com\/fr\/voyage-en-tanzanie\/offres-safari\/itineraire-de-lelephant\/","title":{"rendered":"Itin\u00e9raire de l&rsquo;\u00e9l\u00e9phant"},"content":{"rendered":"","protected":false},"excerpt":{"rendered":"","protected":false},"author":10,"featured_media":66623,"parent":3226,"menu_order":0,"comment_status":"closed","ping_status":"closed","template":"","meta":{"_acf_changed":false,"footnotes":""},"page_cat":[392],"tour_cat":[331],"tour_destinations":[336,337,338,339,340],"class_list":["post-70203","page","type-page","status-publish","has-post-thumbnail","hentry","page_cat-tours","tour_cat-promo-safari-di-gruppo","tour_destinations-serengeti","tour_destinations-ngorongoro","tour_destinations-arusha","tour_destinations-tarangire","tour_destinations-lago-manyara"],"acf":[],"_links":{"self":[{"href":"https:\/\/safariavventura.com\/fr\/wp-json\/wp\/v2\/pages\/70203","targetHints":{"allow":["GET"]}}],"collection":[{"href":"https:\/\/safariavventura.com\/fr\/wp-json\/wp\/v2\/pages"}],"about":[{"href":"https:\/\/safariavventura.com\/fr\/wp-json\/wp\/v2\/types\/page"}],"author":[{"embeddable":true,"href":"https:\/\/safariavventura.com\/fr\/wp-json\/wp\/v2\/users\/10"}],"replies":[{"embeddable":true,"href":"https:\/\/safariavventura.com\/fr\/wp-json\/wp\/v2\/comments?post=70203"}],"version-history":[{"count":1,"href":"https:\/\/safariavventura.com\/fr\/wp-json\/wp\/v2\/pages\/70203\/revisions"}],"predecessor-version":[{"id":73299,"href":"https:\/\/safariavventura.com\/fr\/wp-json\/wp\/v2\/pages\/70203\/revisions\/73299"}],"up":[{"embeddable":true,"href":"https:\/\/safariavventura.com\/fr\/wp-json\/wp\/v2\/pages\/3226"}],"wp:featuredmedia":[{"embeddable":true,"href":"https:\/\/safariavventura.com\/fr\/wp-json\/wp\/v2\/media\/66623"}],"wp:attachment":[{"href":"https:\/\/safariavventura.com\/fr\/wp-json\/wp\/v2\/media?parent=70203"}],"wp:term":[{"taxonomy":"page_cat","embeddable":true,"href":"https:\/\/safariavventura.com\/fr\/wp-json\/wp\/v2\/page_cat?post=70203"},{"taxonomy":"tour_cat","embeddable":true,"href":"https:\/\/safariavventura.com\/fr\/wp-json\/wp\/v2\/tour_cat?post=70203"},{"taxonomy":"tour_destinations","embeddable":true,"href":"https:\/\/safariavventura.com\/fr\/wp-json\/wp\/v2\/tour_destinations?post=70203"}],"curies":[{"name":"wp","href":"https:\/\/api.w.org\/{rel}","templated":true}]}}